{"id":144,"date":"2025-05-25T14:58:25","date_gmt":"2025-05-25T12:58:25","guid":{"rendered":"https:\/\/naaf-consulting.com\/it\/home-2\/"},"modified":"2025-05-25T16:36:50","modified_gmt":"2025-05-25T14:36:50","slug":"home-2","status":"publish","type":"page","link":"https:\/\/naaf-consulting.com\/it\/","title":{"rendered":"IT Transformation"},"content":{"rendered":"\n<div class=\"wp-block-uagb-container uagb-layout-grid uagb-block-be604979 alignfull uagb-is-root-container\"><div class=\"uagb-container-inner-blocks-wrap\">\n<div class=\"wp-block-uagb-info-box uagb-block-b0ae75bf uagb-infobox__content-wrap  uagb-infobox-icon-above-title uagb-infobox-image-valign-top wp-block-uagb-info-box--has-margin\"><div class=\"uagb-infobox-margin-wrapper\"><div class=\"uagb-ifb-content\"><div class=\"uagb-ifb-title-wrap\"><span class=\"uagb-ifb-title-prefix\">Transformez votre entreprise<\/span><h1 class=\"uagb-ifb-title\">Optimisez Votre Transition Num\u00e9rique aujourd&rsquo;hui!<\/h1><\/div><p class=\"uagb-ifb-desc\">NAAF IT-Transformation simplifie la technologie pour vous et booste votre efficacit\u00e9 op\u00e9rationnelle avec des solutions informatiques sur mesure.<\/p><div class=\"uagb-ifb-button-wrapper wp-block-button\"><a href=\"contact\/\" class=\"uagb-infobox-cta-link wp-block-button__link\" target=\"_self\" rel=\"noopener noreferrer\" onclick=\"return true;\"><span class=\"uagb-inline-editing\">D\u00e9couvrez Nos Services<\/span><\/a><\/div><\/div><\/div><\/div>\n\n\n\n<div class=\"wp-block-uagb-container uagb-layout-grid uagb-block-c1e26342\">\n<div class=\"wp-block-uagb-image uagb-block-97f675c9 wp-block-uagb-image--layout-default wp-block-uagb-image--effect-static wp-block-uagb-image--align-none\"><figure class=\"wp-block-uagb-image__figure\"><img srcset=\"https:\/\/naaf-consulting.com\/it\/wp-content\/uploads\/2025\/05\/pexels-photo-7163455.jpeg ,https:\/\/naaf-consulting.com\/it\/wp-content\/uploads\/2025\/05\/pexels-photo-7163455.jpeg 780w, https:\/\/naaf-consulting.com\/it\/wp-content\/uploads\/2025\/05\/pexels-photo-7163455.jpeg 360w\" sizes=\"auto, (max-width: 480px) 150px\"  alt=\"\" class=\"uag-image-8 lws-optimize-lazyload\" width=\"344\" height=\"500\" title=\"home-hero-1\" loading=\"lazy\" role=\"img\"\/ data-src=\"https:\/\/naaf-consulting.com\/it\/wp-content\/uploads\/2025\/05\/pexels-photo-7163455.jpeg\"><\/figure><\/div>\n\n\n\n<div class=\"wp-block-uagb-image uagb-block-630b8229 wp-block-uagb-image--layout-default wp-block-uagb-image--effect-static wp-block-uagb-image--align-none\"><figure class=\"wp-block-uagb-image__figure\"><img srcset=\"https:\/\/naaf-consulting.com\/it\/wp-content\/uploads\/2025\/05\/pexels-photo-7652127.jpeg ,https:\/\/naaf-consulting.com\/it\/wp-content\/uploads\/2025\/05\/pexels-photo-7652127.jpeg 780w, https:\/\/naaf-consulting.com\/it\/wp-content\/uploads\/2025\/05\/pexels-photo-7652127.jpeg 360w\" sizes=\"auto, (max-width: 480px) 150px\"  alt=\"\" class=\"uag-image-9 lws-optimize-lazyload\" width=\"200\" height=\"400\" title=\"home-hero-2\" loading=\"lazy\" role=\"img\"\/ data-src=\"https:\/\/naaf-consulting.com\/it\/wp-content\/uploads\/2025\/05\/pexels-photo-7652127.jpeg\"><\/figure><\/div>\n<\/div>\n<\/div><\/div>\n\n\n\n<div class=\"wp-block-uagb-container uagb-block-e9f57725 alignfull uagb-is-root-container\"><div class=\"uagb-container-inner-blocks-wrap\">\n<div class=\"wp-block-uagb-advanced-heading uagb-block-6c99ecb0\"><p class=\"uagb-desc-text\">Nos Services<\/p><h2 class=\"uagb-heading-text\">D\u00e9couvrez Nos Solutions Pour La Transformation Digitale<\/h2><\/div>\n\n\n\n<div class=\"wp-block-uagb-container uagb-block-b0baaf77\">\n<div class=\"wp-block-uagb-container uagb-block-a085eb35\">\n<div class=\"wp-block-uagb-image uagb-block-2ccd1a38 wp-block-uagb-image--layout-default wp-block-uagb-image--effect-static wp-block-uagb-image--align-none\"><figure class=\"wp-block-uagb-image__figure\"><img srcset=\"https:\/\/naaf-consulting.com\/it\/wp-content\/uploads\/2025\/05\/pexels-photo-7734612.jpeg ,https:\/\/naaf-consulting.com\/it\/wp-content\/uploads\/2025\/05\/pexels-photo-7734612.jpeg 780w, https:\/\/naaf-consulting.com\/it\/wp-content\/uploads\/2025\/05\/pexels-photo-7734612.jpeg 360w\" sizes=\"auto, (max-width: 480px) 150px\"  alt=\"\" class=\"uag-image-10 lws-optimize-lazyload\" width=\"375\" height=\"360\" title=\"services-01\" loading=\"lazy\" role=\"img\"\/ data-src=\"https:\/\/naaf-consulting.com\/it\/wp-content\/uploads\/2025\/05\/pexels-photo-7734612.jpeg\"><\/figure><\/div>\n\n\n\n<div class=\"wp-block-uagb-container uagb-block-5e3fcc06\">\n<div class=\"wp-block-uagb-info-box uagb-block-6a943a8f uagb-infobox__content-wrap  uagb-infobox-icon-above-title uagb-infobox-image-valign-top\"><div class=\"uagb-ifb-content\"><div class=\"uagb-ifb-title-wrap\"><h3 class=\"uagb-ifb-title\">Transition Num\u00e9rique<\/h3><\/div><p class=\"uagb-ifb-desc\">Accompagnement personnalis\u00e9 pour votre transition vers le num\u00e9rique.<\/p><div class=\"uagb-ifb-button-wrapper wp-block-button\"><a href=\"services\/\" target=\"_self\" onclick=\"return true;\" class=\"uagb-infobox-cta-link\" rel=\"noopener noreferrer\"><span class=\"uagb-inline-editing\">Lire la suite<\/span><\/a><\/div><\/div><\/div>\n<\/div>\n<\/div>\n\n\n\n<div class=\"wp-block-uagb-container uagb-block-a7093e31\">\n<div class=\"wp-block-uagb-image uagb-block-320ceeec wp-block-uagb-image--layout-default wp-block-uagb-image--effect-static wp-block-uagb-image--align-none\"><figure class=\"wp-block-uagb-image__figure\"><img srcset=\"https:\/\/naaf-consulting.com\/it\/wp-content\/uploads\/2025\/05\/pexels-photo-1181335.jpeg ,https:\/\/naaf-consulting.com\/it\/wp-content\/uploads\/2025\/05\/pexels-photo-1181335.jpeg 780w, https:\/\/naaf-consulting.com\/it\/wp-content\/uploads\/2025\/05\/pexels-photo-1181335.jpeg 360w\" sizes=\"auto, (max-width: 480px) 150px\"  alt=\"\" class=\"uag-image-11 lws-optimize-lazyload\" width=\"375\" height=\"360\" title=\"services-03\" loading=\"lazy\" role=\"img\"\/ data-src=\"https:\/\/naaf-consulting.com\/it\/wp-content\/uploads\/2025\/05\/pexels-photo-1181335.jpeg\"><\/figure><\/div>\n\n\n\n<div class=\"wp-block-uagb-container uagb-block-5e3c8e75\">\n<div class=\"wp-block-uagb-info-box uagb-block-4a18d3b9 uagb-infobox__content-wrap  uagb-infobox-icon-above-title uagb-infobox-image-valign-top\"><div class=\"uagb-ifb-content\"><div class=\"uagb-ifb-title-wrap\"><h3 class=\"uagb-ifb-title\">Supervision et s\u00e9curit\u00e9 Informatique<\/h3><\/div><p class=\"uagb-ifb-desc\">Surveillance de votre s\u00e9curit\u00e9 informatique et parc technologique.<\/p><div class=\"uagb-ifb-button-wrapper wp-block-button\"><a href=\"https:\/\/naaf-consulting.com\/audits\/\" target=\"_blank\" onclick=\"return true;\" class=\"uagb-infobox-cta-link\" rel=\"noopener noreferrer\"><span class=\"uagb-inline-editing\">Lire la suite<\/span><\/a><\/div><\/div><\/div>\n<\/div>\n<\/div>\n\n\n\n<div class=\"wp-block-uagb-container uagb-block-4480e6d7\">\n<div class=\"wp-block-uagb-image uagb-block-312e0596 wp-block-uagb-image--layout-default wp-block-uagb-image--effect-static wp-block-uagb-image--align-none\"><figure class=\"wp-block-uagb-image__figure\"><img srcset=\"https:\/\/naaf-consulting.com\/it\/wp-content\/uploads\/2025\/05\/pexels-photo-7841423-7841423-683x1024.jpg ,https:\/\/naaf-consulting.com\/it\/wp-content\/uploads\/2025\/05\/pexels-photo-7841423-7841423-scaled.jpg 780w, https:\/\/naaf-consulting.com\/it\/wp-content\/uploads\/2025\/05\/pexels-photo-7841423-7841423-scaled.jpg 360w\" sizes=\"auto, (max-width: 480px) 150px\"  alt=\"A close-up view of an NDA document, pen, and files on a wooden surface, perfect for legal or business themes.\" class=\"uag-image-259 lws-optimize-lazyload\" width=\"375\" height=\"360\" title=\"pexels-photo-7841423-7841423\" loading=\"lazy\" role=\"img\"\/ data-src=\"https:\/\/naaf-consulting.com\/it\/wp-content\/uploads\/2025\/05\/pexels-photo-7841423-7841423-683x1024.jpg\"><\/figure><\/div>\n\n\n\n<div class=\"wp-block-uagb-container uagb-block-5e0a1250\">\n<div class=\"wp-block-uagb-info-box uagb-block-05e65b9a uagb-infobox__content-wrap  uagb-infobox-icon-above-title uagb-infobox-image-valign-top\"><div class=\"uagb-ifb-content\"><div class=\"uagb-ifb-title-wrap\"><h3 class=\"uagb-ifb-title\">Protection de donn\u00e9es personnelles<\/h3><\/div><p class=\"uagb-ifb-desc\">Assistance pour la protection des donn\u00e9es et conformit\u00e9 (RGPD, Loi L037 etc.).<\/p><div class=\"uagb-ifb-button-wrapper wp-block-button\"><a href=\"https:\/\/naaf-consulting.com\/conformite\/\" target=\"_blank\" onclick=\"return true;\" class=\"uagb-infobox-cta-link\" rel=\"noopener noreferrer\"><span class=\"uagb-inline-editing\">Lire la suite<\/span><\/a><\/div><\/div><\/div>\n<\/div>\n<\/div>\n<\/div>\n<\/div><\/div>\n\n\n\n<div class=\"wp-block-uagb-container uagb-layout-grid uagb-block-7331d5fb alignfull uagb-is-root-container\"><div class=\"uagb-container-inner-blocks-wrap\">\n<div class=\"wp-block-uagb-image uagb-block-5699f28f wp-block-uagb-image--layout-default wp-block-uagb-image--effect-static wp-block-uagb-image--align-none\"><figure class=\"wp-block-uagb-image__figure\"><img srcset=\"https:\/\/naaf-consulting.com\/it\/wp-content\/uploads\/2025\/05\/pexels-photo-7793161-1024x682.jpeg ,https:\/\/naaf-consulting.com\/it\/wp-content\/uploads\/2025\/05\/pexels-photo-7793161.jpeg 780w, https:\/\/naaf-consulting.com\/it\/wp-content\/uploads\/2025\/05\/pexels-photo-7793161.jpeg 360w\" sizes=\"auto, (max-width: 480px) 150px\"  alt=\"Happy colleagues working together in a modern office setting, showcasing diversity.\" class=\"uag-image-24 lws-optimize-lazyload\" width=\"570\" height=\"500\" title=\"pexels-photo-7793161\" loading=\"lazy\" role=\"img\"\/ data-src=\"https:\/\/naaf-consulting.com\/it\/wp-content\/uploads\/2025\/05\/pexels-photo-7793161-1024x682.jpeg\"><\/figure><\/div>\n\n\n\n<div class=\"wp-block-uagb-info-box uagb-block-7c89949b uagb-infobox__content-wrap  uagb-infobox-icon-above-title uagb-infobox-image-valign-top\"><div class=\"uagb-ifb-content\"><div class=\"uagb-ifb-title-wrap\"><span class=\"uagb-ifb-title-prefix\">\u00c0 Propos de Nous<\/span><h2 class=\"uagb-ifb-title\">Une exp\u00e9rience d\u00e9di\u00e9e \u00e0 la transformation digitale des entreprises<\/h2><\/div><p class=\"uagb-ifb-desc\">NAAF IT-Transformation est n\u00e9e de la passion pour la technologie et l&rsquo;id\u00e9e de faciliter la transition num\u00e9rique des entreprises de toutes tailles avec des solutions innovantes et personnalis\u00e9es.<\/p><div class=\"uagb-ifb-button-wrapper wp-block-button\"><a href=\"about\/\" class=\"uagb-infobox-cta-link wp-block-button__link\" target=\"_self\" rel=\"noopener noreferrer\" onclick=\"return true;\"><span class=\"uagb-inline-editing\">Lire la suite<\/span><\/a><\/div><\/div><\/div>\n<\/div><\/div>\n\n\n\n<div class=\"wp-block-uagb-container uagb-layout-grid uagb-block-0d663d83 alignfull uagb-is-root-container\"><div class=\"uagb-container-inner-blocks-wrap\">\n<div class=\"wp-block-uagb-info-box uagb-block-aaeca6be uagb-infobox__content-wrap  uagb-infobox-icon-above-title uagb-infobox-image-valign-top\"><div class=\"uagb-ifb-content\"><div class=\"uagb-ifb-title-wrap\"><span class=\"uagb-ifb-title-prefix\">Passez \u00e0 l&rsquo;action<\/span><h2 class=\"uagb-ifb-title\">Transformez Votre Entreprise D\u00e8s Aujourd&rsquo;hui!<\/h2><\/div><p class=\"uagb-ifb-desc\">Contactez-nous pour discuter de la mani\u00e8re dont nous pouvons vous aider \u00e0 r\u00e9ussir votre transformation digitale et \u00e0 maximiser vos ressources.<\/p><div class=\"uagb-ifb-button-wrapper wp-block-button\"><a href=\"contact\/\" class=\"uagb-infobox-cta-link wp-block-button__link\" target=\"_self\" rel=\"noopener noreferrer\" onclick=\"return true;\"><span class=\"uagb-inline-editing\">D\u00e9couvrez Nos Services<\/span><\/a><\/div><\/div><\/div>\n\n\n\n<div class=\"wp-block-uagb-image uagb-block-b37c3bb6 wp-block-uagb-image--layout-default wp-block-uagb-image--effect-static wp-block-uagb-image--align-none\"><figure class=\"wp-block-uagb-image__figure\"><img srcset=\"https:\/\/naaf-consulting.com\/it\/wp-content\/uploads\/2025\/05\/pexels-photo-32203753.jpeg ,https:\/\/naaf-consulting.com\/it\/wp-content\/uploads\/2025\/05\/pexels-photo-32203753.jpeg 780w, https:\/\/naaf-consulting.com\/it\/wp-content\/uploads\/2025\/05\/pexels-photo-32203753.jpeg 360w\" sizes=\"auto, (max-width: 480px) 150px\"  alt=\"\" class=\"uag-image-14 lws-optimize-lazyload\" width=\"570\" height=\"500\" title=\"about-us-02\" loading=\"lazy\" role=\"img\"\/ data-src=\"https:\/\/naaf-consulting.com\/it\/wp-content\/uploads\/2025\/05\/pexels-photo-32203753.jpeg\"><\/figure><\/div>\n<\/div><\/div>\n\n\n\n<div class=\"wp-block-uagb-container uagb-block-4cfa044d alignfull uagb-is-root-container\"><div class=\"uagb-container-inner-blocks-wrap\">\n<div class=\"wp-block-uagb-container uagb-layout-grid uagb-block-a9960266\">\n<div class=\"wp-block-uagb-advanced-heading uagb-block-9ba080a1\"><p class=\"uagb-desc-text\">Pourquoi Choisir NAAF-IT?<\/p><h2 class=\"uagb-heading-text\">Des Solutions Innovantes Pour Vos Besoins Num\u00e9riques Sp\u00e9cifiques<\/h2><\/div>\n\n\n\n<div class=\"wp-block-uagb-container uagb-block-a35ab600\">\n<div class=\"wp-block-uagb-info-box uagb-block-00eed386 uagb-infobox__content-wrap  uagb-infobox-icon-above-title uagb-infobox-image-valign-top\"><div class=\"uagb-ifb-content\"><div class=\"uagb-ifb-title-wrap\"><span class=\"uagb-ifb-title-prefix\">Accompagnement Personnalis\u00e9<\/span><div class=\"uagb-ifb-separator\"><\/div><p class=\"uagb-ifb-title\">S\u00e9curit\u00e9 des Donn\u00e9es Assur\u00e9e<\/p><\/div><\/div><\/div>\n\n\n\n<div class=\"wp-block-uagb-separator uagb-block-aac9882b\"><div class=\"wp-block-uagb-separator__inner\" style=\"--my-background-image:\"><\/div><\/div>\n\n\n\n<div class=\"wp-block-uagb-info-box uagb-block-ef551866 uagb-infobox__content-wrap  uagb-infobox-icon-above-title uagb-infobox-image-valign-top\"><div class=\"uagb-ifb-content\"><div class=\"uagb-ifb-title-wrap\"><span class=\"uagb-ifb-title-prefix\">Optimisation des Processus<\/span><div class=\"uagb-ifb-separator\"><\/div><p class=\"uagb-ifb-title\">Outils Collaboratifs Performants<\/p><\/div><\/div><\/div>\n<\/div>\n<\/div>\n<\/div><\/div>\n\n\n\n<div class=\"wp-block-uagb-container uagb-block-e48afbb0 alignfull uagb-is-root-container\"><div class=\"uagb-container-inner-blocks-wrap\">\n<div class=\"wp-block-uagb-info-box uagb-block-c1c19ed1 uagb-infobox__content-wrap  uagb-infobox-icon-above-title uagb-infobox-image-valign-top\"><div class=\"uagb-ifb-content\"><div class=\"uagb-ifb-title-wrap\"><span class=\"uagb-ifb-title-prefix\">Prenez Contact<\/span><h2 class=\"uagb-ifb-title\">Pr\u00eat \u00e0 Simplifier Votre Transformation Num\u00e9rique?<\/h2><\/div><p class=\"uagb-ifb-desc\">Rejoignez-nous pour discuter de la mani\u00e8re dont nous pouvons travailler ensemble pour r\u00e9aliser vos ambitions digitales.<\/p><div class=\"uagb-ifb-button-wrapper wp-block-button\"><a href=\"contact\/\" class=\"uagb-infobox-cta-link wp-block-button__link\" target=\"_self\" rel=\"noopener noreferrer\" onclick=\"return true;\"><span class=\"uagb-inline-editing\">D\u00e9couvrez Nos Services<\/span><\/a><\/div><\/div><\/div>\n<\/div><\/div>\n","protected":false},"excerpt":{"rendered":"<p>Nos Services D\u00e9couvrez Nos Solutions Pour La Transformation Digitale Pourquoi Choisir NAAF-IT? Des Solutions Innovantes Pour Vos Besoins Num\u00e9riques Sp\u00e9cifiques<\/p>\n","protected":false},"author":1,"featured_media":0,"parent":0,"menu_order":0,"comment_status":"closed","ping_status":"closed","template":"","meta":{"_surecart_dashboard_logo_width":"180px","_surecart_dashboard_show_logo":true,"_surecart_dashboard_navigation_orders":true,"_surecart_dashboard_navigation_invoices":true,"_surecart_dashboard_navigation_subscriptions":true,"_surecart_dashboard_navigation_downloads":true,"_surecart_dashboard_navigation_billing":true,"_surecart_dashboard_navigation_account":true,"_uag_custom_page_level_css":"","site-sidebar-layout":"default","site-content-layout":"","ast-site-content-layout":"","site-content-style":"default","site-sidebar-style":"default","ast-global-header-display":"","ast-banner-title-visibility":"","ast-main-header-display":"","ast-hfb-above-header-display":"","ast-hfb-below-header-display":"","ast-hfb-mobile-header-display":"","site-post-title":"disabled","ast-breadcrumbs-content":"","ast-featured-img":"","footer-sml-layout":"","theme-transparent-header-meta":"","adv-header-id-meta":"","stick-header-meta":"","header-above-stick-meta":"","header-main-stick-meta":"","header-below-stick-meta":"","astra-migrate-meta-layouts":"default","ast-page-background-enabled":"default","ast-page-background-meta":{"desktop":{"background-color":"var(--ast-global-color-4)","background-image":"","background-repeat":"repeat","background-position":"center center","background-size":"auto","background-attachment":"scroll","background-type":"","background-media":"","overlay-type":"","overlay-color":"","overlay-opacity":"","overlay-gradient":""},"tablet":{"background-color":"","background-image":"","background-repeat":"repeat","background-position":"center center","background-size":"auto","background-attachment":"scroll","background-type":"","background-media":"","overlay-type":"","overlay-color":"","overlay-opacity":"","overlay-gradient":""},"mobile":{"background-color":"","background-image":"","background-repeat":"repeat","background-position":"center center","background-size":"auto","background-attachment":"scroll","background-type":"","background-media":"","overlay-type":"","overlay-color":"","overlay-opacity":"","overlay-gradient":""}},"ast-content-background-meta":{"desktop":{"background-color":"var(--ast-global-color-5)","background-image":"","background-repeat":"repeat","background-position":"center center","background-size":"auto","background-attachment":"scroll","background-type":"","background-media":"","overlay-type":"","overlay-color":"","overlay-opacity":"","overlay-gradient":""},"tablet":{"background-color":"var(--ast-global-color-5)","background-image":"","background-repeat":"repeat","background-position":"center center","background-size":"auto","background-attachment":"scroll","background-type":"","background-media":"","overlay-type":"","overlay-color":"","overlay-opacity":"","overlay-gradient":""},"mobile":{"background-color":"var(--ast-global-color-5)","background-image":"","background-repeat":"repeat","background-position":"center center","background-size":"auto","background-attachment":"scroll","background-type":"","background-media":"","overlay-type":"","overlay-color":"","overlay-opacity":"","overlay-gradient":""}},"footnotes":""},"class_list":["post-144","page","type-page","status-publish","hentry"],"uagb_featured_image_src":{"full":false,"thumbnail":false,"medium":false,"medium_large":false,"large":false,"1536x1536":false,"2048x2048":false},"uagb_author_info":{"display_name":"admin","author_link":"https:\/\/naaf-consulting.com\/it\/author\/admin\/"},"uagb_comment_info":0,"uagb_excerpt":"Nos Services D\u00e9couvrez Nos Solutions Pour La Transformation Digitale Pourquoi Choisir NAAF-IT? Des Solutions Innovantes Pour Vos Besoins Num\u00e9riques Sp\u00e9cifiques","_links":{"self":[{"href":"https:\/\/naaf-consulting.com\/it\/wp-json\/wp\/v2\/pages\/144","targetHints":{"allow":["GET"]}}],"collection":[{"href":"https:\/\/naaf-consulting.com\/it\/wp-json\/wp\/v2\/pages"}],"about":[{"href":"https:\/\/naaf-consulting.com\/it\/wp-json\/wp\/v2\/types\/page"}],"author":[{"embeddable":true,"href":"https:\/\/naaf-consulting.com\/it\/wp-json\/wp\/v2\/users\/1"}],"replies":[{"embeddable":true,"href":"https:\/\/naaf-consulting.com\/it\/wp-json\/wp\/v2\/comments?post=144"}],"version-history":[{"count":10,"href":"https:\/\/naaf-consulting.com\/it\/wp-json\/wp\/v2\/pages\/144\/revisions"}],"predecessor-version":[{"id":260,"href":"https:\/\/naaf-consulting.com\/it\/wp-json\/wp\/v2\/pages\/144\/revisions\/260"}],"wp:attachment":[{"href":"https:\/\/naaf-consulting.com\/it\/wp-json\/wp\/v2\/media?parent=144"}],"curies":[{"name":"wp","href":"https:\/\/api.w.org\/{rel}","templated":true}]}}