{"id":145,"date":"2025-05-25T14:58:25","date_gmt":"2025-05-25T12:58:25","guid":{"rendered":"https:\/\/naaf-consulting.com\/it\/about\/"},"modified":"2025-05-25T16:26:07","modified_gmt":"2025-05-25T14:26:07","slug":"about","status":"publish","type":"page","link":"https:\/\/naaf-consulting.com\/it\/about\/","title":{"rendered":"Notre division"},"content":{"rendered":"\n<div class=\"wp-block-uagb-container uagb-block-cd2bf25d alignfull uagb-is-root-container\"><div class=\"uagb-container-inner-blocks-wrap\">\n<div class=\"wp-block-uagb-advanced-heading uagb-block-26b518ac\"><p class=\"uagb-desc-text\">\u00c0 Propos<\/p><h1 class=\"uagb-heading-text\">D\u00e9couvrez notre expertise en transformation digitale<\/h1><\/div>\n<\/div><\/div>\n\n\n\n<div class=\"wp-block-uagb-container uagb-block-d9a6699b alignfull uagb-is-root-container\"><div class=\"uagb-container-inner-blocks-wrap\">\n<div class=\"wp-block-uagb-container uagb-block-2a0810e6\">\n<div class=\"wp-block-uagb-advanced-heading uagb-block-9ba080a1\"><p class=\"uagb-desc-text\">Notre entreprise<\/p><h2 class=\"uagb-heading-text\">Expertise et excellence dans la transformation num\u00e9rique des entreprises<\/h2><\/div>\n\n\n\n<div class=\"wp-block-uagb-advanced-heading uagb-block-f12469fe\"><p class=\"uagb-heading-text\">NAAF IT Transformation accompagne les entreprises dans leur transition num\u00e9rique gr\u00e2ce \u00e0 des solutions technologiques sur mesure. Nous avons aid\u00e9 de nombreux clients \u00e0 optimiser leurs processus m\u00e9tiers, g\u00e9n\u00e9rant ainsi des gains significatifs en efficacit\u00e9 et en \u00e9conomies. Avec notre approche personnalis\u00e9e, nous transformons la gestion quotidienne en offrant des outils adapt\u00e9s aux besoins sp\u00e9cifiques de chaque client.<\/p><p class=\"uagb-desc-text\">Gr\u00e2ce \u00e0 notre expertise, NAAF IT Transformation a permis \u00e0 de nombreuses entreprises de renforcer leur performance op\u00e9rationnelle et de s\u00e9curiser leur environnement num\u00e9rique. Nous offrons des services qui permettent une gestion efficace et sereine de leurs infrastructures informatiques tout en garantissant la conformit\u00e9 aux normes de s\u00e9curit\u00e9, comme le RGPD.<\/p><\/div>\n<\/div>\n\n\n\n<div class=\"wp-block-uagb-image uagb-block-aa6e155d wp-block-uagb-image--layout-default wp-block-uagb-image--effect-static wp-block-uagb-image--align-none\"><figure class=\"wp-block-uagb-image__figure\"><img srcset=\"https:\/\/naaf-consulting.com\/it\/wp-content\/uploads\/2025\/05\/pexels-photo-1054397.jpeg ,https:\/\/naaf-consulting.com\/it\/wp-content\/uploads\/2025\/05\/pexels-photo-1054397.jpeg 780w, https:\/\/naaf-consulting.com\/it\/wp-content\/uploads\/2025\/05\/pexels-photo-1054397.jpeg 360w\" sizes=\"auto, (max-width: 480px) 150px\"  alt=\"\" class=\"uag-image-20 lws-optimize-lazyload\" width=\"1200\" height=\"450\" title=\"how-we-are\" loading=\"lazy\" role=\"img\"\/ data-src=\"https:\/\/naaf-consulting.com\/it\/wp-content\/uploads\/2025\/05\/pexels-photo-1054397.jpeg\"><\/figure><\/div>\n\n\n\n<div class=\"wp-block-uagb-container uagb-block-34df9393\">\n<div class=\"wp-block-uagb-container uagb-block-cf29644c\">\n<div class=\"wp-block-uagb-advanced-heading uagb-block-ebb1536b\"><h3 class=\"uagb-heading-text\">Mission<\/h3><p class=\"uagb-desc-text\">Nous simplifions la technologie pour les entreprises, en offrant des solutions informatiques sur mesure qui am\u00e9liorent l&rsquo;efficacit\u00e9 op\u00e9rationnelle.<\/p><\/div>\n<\/div>\n\n\n\n<div class=\"wp-block-uagb-container uagb-block-73a726e4\">\n<div class=\"wp-block-uagb-advanced-heading uagb-block-414c8d9f\"><h3 class=\"uagb-heading-text\">Vision<\/h3><p class=\"uagb-desc-text\">Nous aspirons \u00e0 \u00eatre le leader en transformation digitale, en transformant la fa\u00e7on dont les entreprises interagissent avec la technologie.<\/p><\/div>\n<\/div>\n\n\n\n<div class=\"wp-block-uagb-container uagb-block-8f052846\">\n<div class=\"wp-block-uagb-advanced-heading uagb-block-4bbdd7d2\"><h3 class=\"uagb-heading-text\">Valeur<\/h3><p class=\"uagb-desc-text\">Nous valorisons l&rsquo;innovation, la s\u00e9curit\u00e9 et la satisfaction client, en nous engageant \u00e0 offrir des solutions de la plus haute qualit\u00e9.<\/p><\/div>\n<\/div>\n<\/div>\n<\/div><\/div>\n\n\n\n<div class=\"wp-block-uagb-container uagb-layout-grid uagb-block-6dd98696 alignfull uagb-is-root-container\"><div class=\"uagb-container-inner-blocks-wrap\">\n<div class=\"wp-block-uagb-image uagb-block-424e1e01 wp-block-uagb-image--layout-default wp-block-uagb-image--effect-static wp-block-uagb-image--align-none\"><figure class=\"wp-block-uagb-image__figure\"><img srcset=\"https:\/\/naaf-consulting.com\/it\/wp-content\/uploads\/2025\/05\/pexels-photo-5816298.jpeg ,https:\/\/naaf-consulting.com\/it\/wp-content\/uploads\/2025\/05\/pexels-photo-5816298.jpeg 780w, https:\/\/naaf-consulting.com\/it\/wp-content\/uploads\/2025\/05\/pexels-photo-5816298.jpeg 360w\" sizes=\"auto, (max-width: 480px) 150px\"  alt=\"\" class=\"uag-image-21 lws-optimize-lazyload\" width=\"560\" height=\"450\" title=\"about-us-01\" loading=\"lazy\" role=\"img\"\/ data-src=\"https:\/\/naaf-consulting.com\/it\/wp-content\/uploads\/2025\/05\/pexels-photo-5816298.jpeg\"><\/figure><\/div>\n\n\n\n<div class=\"wp-block-uagb-info-box uagb-block-b0ae75bf uagb-infobox__content-wrap  uagb-infobox-icon-above-title uagb-infobox-image-valign-top\"><div class=\"uagb-ifb-content\"><div class=\"uagb-ifb-title-wrap\"><span class=\"uagb-ifb-title-prefix\">Notre parcours<\/span><h2 class=\"uagb-ifb-title\">De la vision \u00e0 la r\u00e9alit\u00e9 : notre histoire en transformation digitale<\/h2><\/div><p class=\"uagb-ifb-desc\">Fond\u00e9e en 2023, NAAF IT Transformation a \u00e9t\u00e9 cr\u00e9\u00e9e pour r\u00e9pondre aux besoins croissants des entreprises face \u00e0 la complexit\u00e9 num\u00e9rique. Depuis nos d\u00e9buts, nous avons aid\u00e9 des entreprises de toutes tailles \u00e0 naviguer dans leur transformation digitale en fournissant des services personnalis\u00e9s et d&rsquo;excellente qualit\u00e9, aboutissant \u00e0 des r\u00e9sultats concrets et mesurables.<\/p><\/div><\/div>\n<\/div><\/div>\n\n\n\n<div class=\"wp-block-uagb-container uagb-block-e48afbb0 alignfull uagb-is-root-container\"><div class=\"uagb-container-inner-blocks-wrap\">\n<div class=\"wp-block-uagb-info-box uagb-block-c1c19ed1 uagb-infobox__content-wrap  uagb-infobox-icon-above-title uagb-infobox-image-valign-top\"><div class=\"uagb-ifb-content\"><div class=\"uagb-ifb-title-wrap\"><span class=\"uagb-ifb-title-prefix\">Prenez Contact<\/span><h2 class=\"uagb-ifb-title\">Pr\u00eat \u00e0 Simplifier Votre Transformation Num\u00e9rique?<\/h2><\/div><p class=\"uagb-ifb-desc\">Rejoignez-nous pour discuter de la mani\u00e8re dont nous pouvons travailler ensemble pour r\u00e9aliser vos ambitions digitales.<\/p><div class=\"uagb-ifb-button-wrapper wp-block-button\"><a href=\"contact\/\" class=\"uagb-infobox-cta-link wp-block-button__link\" target=\"_self\" rel=\"noopener noreferrer\" onclick=\"return true;\"><span class=\"uagb-inline-editing\">D\u00e9couvrez Nos Services<\/span><\/a><\/div><\/div><\/div>\n<\/div><\/div>\n","protected":false},"excerpt":{"rendered":"<p>\u00c0 Propos D\u00e9couvrez notre expertise en transformation digitale Notre entreprise Expertise et excellence dans la transformation num\u00e9rique des entreprises NAAF [&hellip;]<\/p>\n","protected":false},"author":1,"featured_media":0,"parent":0,"menu_order":0,"comment_status":"closed","ping_status":"closed","template":"","meta":{"_surecart_dashboard_logo_width":"180px","_surecart_dashboard_show_logo":true,"_surecart_dashboard_navigation_orders":true,"_surecart_dashboard_navigation_invoices":true,"_surecart_dashboard_navigation_subscriptions":true,"_surecart_dashboard_navigation_downloads":true,"_surecart_dashboard_navigation_billing":true,"_surecart_dashboard_navigation_account":true,"_uag_custom_page_level_css":"","site-sidebar-layout":"default","site-content-layout":"","ast-site-content-layout":"","site-content-style":"default","site-sidebar-style":"default","ast-global-header-display":"","ast-banner-title-visibility":"","ast-main-header-display":"","ast-hfb-above-header-display":"","ast-hfb-below-header-display":"","ast-hfb-mobile-header-display":"","site-post-title":"disabled","ast-breadcrumbs-content":"","ast-featured-img":"","footer-sml-layout":"","theme-transparent-header-meta":"","adv-header-id-meta":"","stick-header-meta":"","header-above-stick-meta":"","header-main-stick-meta":"","header-below-stick-meta":"","astra-migrate-meta-layouts":"default","ast-page-background-enabled":"default","ast-page-background-meta":{"desktop":{"background-color":"var(--ast-global-color-4)","background-image":"","background-repeat":"repeat","background-position":"center center","background-size":"auto","background-attachment":"scroll","background-type":"","background-media":"","overlay-type":"","overlay-color":"","overlay-opacity":"","overlay-gradient":""},"tablet":{"background-color":"","background-image":"","background-repeat":"repeat","background-position":"center center","background-size":"auto","background-attachment":"scroll","background-type":"","background-media":"","overlay-type":"","overlay-color":"","overlay-opacity":"","overlay-gradient":""},"mobile":{"background-color":"","background-image":"","background-repeat":"repeat","background-position":"center center","background-size":"auto","background-attachment":"scroll","background-type":"","background-media":"","overlay-type":"","overlay-color":"","overlay-opacity":"","overlay-gradient":""}},"ast-content-background-meta":{"desktop":{"background-color":"var(--ast-global-color-5)","background-image":"","background-repeat":"repeat","background-position":"center center","background-size":"auto","background-attachment":"scroll","background-type":"","background-media":"","overlay-type":"","overlay-color":"","overlay-opacity":"","overlay-gradient":""},"tablet":{"background-color":"var(--ast-global-color-5)","background-image":"","background-repeat":"repeat","background-position":"center center","background-size":"auto","background-attachment":"scroll","background-type":"","background-media":"","overlay-type":"","overlay-color":"","overlay-opacity":"","overlay-gradient":""},"mobile":{"background-color":"var(--ast-global-color-5)","background-image":"","background-repeat":"repeat","background-position":"center center","background-size":"auto","background-attachment":"scroll","background-type":"","background-media":"","overlay-type":"","overlay-color":"","overlay-opacity":"","overlay-gradient":""}},"footnotes":""},"class_list":["post-145","page","type-page","status-publish","hentry"],"uagb_featured_image_src":{"full":false,"thumbnail":false,"medium":false,"medium_large":false,"large":false,"1536x1536":false,"2048x2048":false},"uagb_author_info":{"display_name":"admin","author_link":"https:\/\/naaf-consulting.com\/it\/author\/admin\/"},"uagb_comment_info":0,"uagb_excerpt":"\u00c0 Propos D\u00e9couvrez notre expertise en transformation digitale Notre entreprise Expertise et excellence dans la transformation num\u00e9rique des entreprises NAAF [&hellip;]","_links":{"self":[{"href":"https:\/\/naaf-consulting.com\/it\/wp-json\/wp\/v2\/pages\/145","targetHints":{"allow":["GET"]}}],"collection":[{"href":"https:\/\/naaf-consulting.com\/it\/wp-json\/wp\/v2\/pages"}],"about":[{"href":"https:\/\/naaf-consulting.com\/it\/wp-json\/wp\/v2\/types\/page"}],"author":[{"embeddable":true,"href":"https:\/\/naaf-consulting.com\/it\/wp-json\/wp\/v2\/users\/1"}],"replies":[{"embeddable":true,"href":"https:\/\/naaf-consulting.com\/it\/wp-json\/wp\/v2\/comments?post=145"}],"version-history":[{"count":5,"href":"https:\/\/naaf-consulting.com\/it\/wp-json\/wp\/v2\/pages\/145\/revisions"}],"predecessor-version":[{"id":253,"href":"https:\/\/naaf-consulting.com\/it\/wp-json\/wp\/v2\/pages\/145\/revisions\/253"}],"wp:attachment":[{"href":"https:\/\/naaf-consulting.com\/it\/wp-json\/wp\/v2\/media?parent=145"}],"curies":[{"name":"wp","href":"https:\/\/api.w.org\/{rel}","templated":true}]}}